{"id":12,"date":"2026-02-20T10:22:34","date_gmt":"2026-02-20T10:22:34","guid":{"rendered":"https:\/\/kustaamaki.fi\/?page_id=12"},"modified":"2026-03-09T06:36:46","modified_gmt":"2026-03-09T06:36:46","slug":"cv","status":"publish","type":"page","link":"https:\/\/kustaamaki.fi\/index.php\/cv\/","title":{"rendered":"CV"},"content":{"rendered":"\n<p><strong>Aiemmat Ty\u00f6kokemukset \/ Harjoittelut<\/strong><\/p>\n\n\n\n<ul class=\"wp-block-list\">\n<li>Mets\u00e4t\u00f6iss\u00e4 avustus M\u00e4en Mets\u00e4tilalla<\/li>\n\n\n\n<li>Auttanut tiskien siivoamisessa Kahvila Leipomo Aarla:ssa<\/li>\n\n\n\n<li>Avustanut 3D Mallintamaan Koneiden Koteloja Arnon:illa<br><br><strong>Harrastanut<\/strong><\/li>\n\n\n\n<li> Rumpujen soittoa<\/li>\n\n\n\n<li> Partiota<\/li>\n<\/ul>\n\n\n\n<p><\/p>\n","protected":false},"excerpt":{"rendered":"<p>Aiemmat Ty\u00f6kokemukset \/ Harjoittelut<\/p>\n","protected":false},"author":1,"featured_media":0,"parent":0,"menu_order":0,"comment_status":"closed","ping_status":"closed","template":"","meta":{"footnotes":""},"class_list":["post-12","page","type-page","status-publish","hentry"],"_links":{"self":[{"href":"https:\/\/kustaamaki.fi\/index.php\/wp-json\/wp\/v2\/pages\/12","targetHints":{"allow":["GET"]}}],"collection":[{"href":"https:\/\/kustaamaki.fi\/index.php\/wp-json\/wp\/v2\/pages"}],"about":[{"href":"https:\/\/kustaamaki.fi\/index.php\/wp-json\/wp\/v2\/types\/page"}],"author":[{"embeddable":true,"href":"https:\/\/kustaamaki.fi\/index.php\/wp-json\/wp\/v2\/users\/1"}],"replies":[{"embeddable":true,"href":"https:\/\/kustaamaki.fi\/index.php\/wp-json\/wp\/v2\/comments?post=12"}],"version-history":[{"count":2,"href":"https:\/\/kustaamaki.fi\/index.php\/wp-json\/wp\/v2\/pages\/12\/revisions"}],"predecessor-version":[{"id":14,"href":"https:\/\/kustaamaki.fi\/index.php\/wp-json\/wp\/v2\/pages\/12\/revisions\/14"}],"wp:attachment":[{"href":"https:\/\/kustaamaki.fi\/index.php\/wp-json\/wp\/v2\/media?parent=12"}],"curies":[{"name":"wp","href":"https:\/\/api.w.org\/{rel}","templated":true}]}}