{"id":2,"date":"2026-01-23T09:45:55","date_gmt":"2026-01-23T09:45:55","guid":{"rendered":"https:\/\/kustaamaki.fi\/?page_id=2"},"modified":"2026-02-17T11:46:07","modified_gmt":"2026-02-17T11:46:07","slug":"sample-page","status":"publish","type":"page","link":"https:\/\/kustaamaki.fi\/index.php\/sample-page\/","title":{"rendered":"Oma Sivuni"},"content":{"rendered":"\n<p>Kustaa Toivo Sakari M\u00e4ki<\/p>\n\n\n\n<blockquote class=\"wp-block-quote is-layout-flow wp-block-quote-is-layout-flow\">\n<p>Puhelin: +358 44 9884045<br>S\u00e4hk\u00f6posti: kustaa.maki@gmail.com<\/p>\n<\/blockquote>\n\n\n\n<ul style=\"border-width:2px\" class=\"wp-block-list is-style-default\">\n<li>Tieto- ja Viestint\u00e4tekniikan oppilas SEDU Lapualla<\/li>\n<\/ul>\n\n\n\n<p><\/p>\n","protected":false},"excerpt":{"rendered":"<p>Kustaa Toivo Sakari M\u00e4ki Puhelin: +358 44 9884045S\u00e4hk\u00f6posti: kustaa.maki@gmail.com<\/p>\n","protected":false},"author":1,"featured_media":0,"parent":0,"menu_order":0,"comment_status":"closed","ping_status":"open","template":"","meta":{"footnotes":""},"class_list":["post-2","page","type-page","status-publish","hentry"],"_links":{"self":[{"href":"https:\/\/kustaamaki.fi\/index.php\/wp-json\/wp\/v2\/pages\/2","targetHints":{"allow":["GET"]}}],"collection":[{"href":"https:\/\/kustaamaki.fi\/index.php\/wp-json\/wp\/v2\/pages"}],"about":[{"href":"https:\/\/kustaamaki.fi\/index.php\/wp-json\/wp\/v2\/types\/page"}],"author":[{"embeddable":true,"href":"https:\/\/kustaamaki.fi\/index.php\/wp-json\/wp\/v2\/users\/1"}],"replies":[{"embeddable":true,"href":"https:\/\/kustaamaki.fi\/index.php\/wp-json\/wp\/v2\/comments?post=2"}],"version-history":[{"count":3,"href":"https:\/\/kustaamaki.fi\/index.php\/wp-json\/wp\/v2\/pages\/2\/revisions"}],"predecessor-version":[{"id":11,"href":"https:\/\/kustaamaki.fi\/index.php\/wp-json\/wp\/v2\/pages\/2\/revisions\/11"}],"wp:attachment":[{"href":"https:\/\/kustaamaki.fi\/index.php\/wp-json\/wp\/v2\/media?parent=2"}],"curies":[{"name":"wp","href":"https:\/\/api.w.org\/{rel}","templated":true}]}}